{"id":39396,"date":"2024-11-18T12:31:22","date_gmt":"2024-11-18T12:31:22","guid":{"rendered":"https:\/\/nemusarboricultura.com\/?page_id=39396"},"modified":"2025-04-14T08:34:27","modified_gmt":"2025-04-14T08:34:27","slug":"politica-de-privacitat","status":"publish","type":"page","link":"https:\/\/nemusarboricultura.com\/ca\/politica-de-privacitat\/","title":{"rendered":"Pol\u00edtica de Privacitat"},"content":{"rendered":"\t\t<div data-elementor-type=\"wp-page\" data-elementor-id=\"39396\" class=\"elementor elementor-39396 elementor-37544\">\n\t\t\t\t\t\t<section class=\"elementor-section elementor-top-section elementor-element elementor-element-4fc74b93 elementor-section-boxed elementor-section-height-default elementor-section-height-default sc_fly_static\" data-id=\"4fc74b93\" data-element_type=\"section\">\n\t\t\t\t\t\t<div class=\"elementor-container elementor-column-gap-extended\">\n\t\t\t\t\t<div class=\"elementor-column elementor-col-100 elementor-top-column elementor-element elementor-element-3ed1c311 sc_content_align_inherit sc_layouts_column_icons_position_left sc_fly_static\" data-id=\"3ed1c311\" data-element_type=\"column\">\n\t\t\t<div class=\"elementor-widget-wrap elementor-element-populated\">\n\t\t\t\t\t\t<div class=\"elementor-element elementor-element-2d1b80c3 sc_height_huge sc_fly_static elementor-widget elementor-widget-spacer\" data-id=\"2d1b80c3\" data-element_type=\"widget\" data-widget_type=\"spacer.default\">\n\t\t\t\t<div class=\"elementor-widget-container\">\n\t\t\t\t\t\t\t<div class=\"elementor-spacer\">\n\t\t\t<div class=\"elementor-spacer-inner\"><\/div>\n\t\t<\/div>\n\t\t\t\t\t\t<\/div>\n\t\t\t\t<\/div>\n\t\t\t\t<div class=\"elementor-element elementor-element-45699e22 sc_fly_static elementor-widget elementor-widget-trx_sc_title\" data-id=\"45699e22\" data-element_type=\"widget\" data-widget_type=\"trx_sc_title.default\">\n\t\t\t\t<div class=\"elementor-widget-container\">\n\t\t\t\t\t<div\t\tclass=\"sc_title sc_title_default\" ><h1 class=\"sc_item_title sc_title_title sc_item_title_style_default sc_item_title_tag\"\n\t\t\t><span class=\"sc_item_title_text\">Pol\u00edtica de Privacitat<\/span><\/h1><\/div>\t\t\t\t<\/div>\n\t\t\t\t<\/div>\n\t\t\t\t<div class=\"elementor-element elementor-element-5569a36 sc_height_tiny sc_fly_static elementor-widget elementor-widget-spacer\" data-id=\"5569a36\" data-element_type=\"widget\" data-widget_type=\"spacer.default\">\n\t\t\t\t<div class=\"elementor-widget-container\">\n\t\t\t\t\t\t\t<div class=\"elementor-spacer\">\n\t\t\t<div class=\"elementor-spacer-inner\"><\/div>\n\t\t<\/div>\n\t\t\t\t\t\t<\/div>\n\t\t\t\t<\/div>\n\t\t\t\t<div class=\"elementor-element elementor-element-7c6f7e31 sc_fly_static elementor-widget elementor-widget-text-editor\" data-id=\"7c6f7e31\" data-element_type=\"widget\" data-widget_type=\"text-editor.default\">\n\t\t\t\t<div class=\"elementor-widget-container\">\n\t\t\t\t\t\t\t\t\t<p><strong>Dades del responsable del tractament<\/strong><\/p><ul><li><strong>Ra\u00f3 Social:<\/strong> Ricardo Santos Vilchez (d&#8217;ara endavant, la \u201cEmpresa\u201d o el \u201cResponsable\u201d).<\/li><li><strong>CIF:<\/strong> 44782123L<\/li><li><strong>Domicili:<\/strong> Carrer Fran\u00e7a, 37, Andratx, Illes Balears, 07159<\/li><li><strong>Tel\u00e8fon:<\/strong> 647728213<\/li><li><strong>Email per a comunicacions en mat\u00e8ria de Protecci\u00f3 de dades:<\/strong> <a rel=\"noopener\">ricardosvilches@gmail.com<\/a><\/li><\/ul><p><strong>Normativa aplicable:<\/strong><\/p><p>La nostra Pol\u00edtica de Privacitat s&#8217;ha dissenyat d&#8217;acord amb el Reglament General de Protecci\u00f3 de Dades de la UE 2016\/679 del Parlament Europeu i del Consell, de 27 d&#8217;abril de 2016, relatiu a la protecci\u00f3 de les persones f\u00edsiques pel que fa al tractament de dades personals i a la lliure circulaci\u00f3 d&#8217;aquestes dades i pel qual es deroga la Directiva 95\/46\/CE (Reglament general de protecci\u00f3 de dades), i la Llei org\u00e0nica 3\/2018 del 5 de desembre, de Protecci\u00f3 de Dades de Car\u00e0cter Personal i Garantia dels Drets Digitals.<\/p><p>En facilitar-nos les seves dades, Vost\u00e8 declara haver llegit i con\u00e8ixer la present Pol\u00edtica de Privacitat, prestant el seu consentiment inequ\u00edvoc i expr\u00e9s al tractament de les seves dades personals d&#8217;acord amb les finalitats i termes aqu\u00ed expressats.<\/p><p>L&#8217;Empresa podr\u00e0 modificar la present Pol\u00edtica de Privacitat per a adaptar-la a les novetats legislatives, jurisprudencials o d&#8217;interpretaci\u00f3 de l&#8217;Ag\u00e8ncia Espanyola de Protecci\u00f3 de Dades. Aquestes condicions de privacitat podran ser complementades per l&#8217;Av\u00eds Legal, Pol\u00edtica de Cookies i les Condicions Generals que, si \u00e9s el cas, es recullin per a determinats productes o serveis, si aquest acc\u00e9s suposa alguna especialitat en mat\u00e8ria de protecci\u00f3 de dades de car\u00e0cter personal.<\/p><ul><li><strong>Delegat de Protecci\u00f3 de Dades:<\/strong> No hi ha Delegat de Protecci\u00f3 de Dades designat.<\/li><\/ul><p><strong>Finalitat del tractament de les dades personals<\/strong><\/p><p>El tractament que realitzem de les seves dades personals respon a les seg\u00fcents finalitats:<\/p><ul><li>Proporcionar-li informaci\u00f3 relacionada amb els productes i serveis que ofereix la nostra empresa i que detalla en aquest website.<\/li><li>Realitzar la contractaci\u00f3 dels nostres serveis mitjan\u00e7ant l&#8217;acceptaci\u00f3 del corresponent pressupost\/demanat i\/o la signatura d&#8217;un contracte mercantil.<\/li><li>Enviar-li per correu electr\u00f2nic i\/o postal les not\u00edcies i novetats sobre la nostra entitat, aix\u00ed com les actualitzacions del nostre cat\u00e0leg de productes i serveis.<\/li><\/ul><p><strong>Termini de Conservaci\u00f3 de les seves dades:<\/strong><\/p><p>Conservarem les seves dades personals des que ens doni el seu consentiment fins que el revoqui o b\u00e9 sol\u00b7liciti la limitaci\u00f3 del tractament. En tals casos, mantindrem les seves dades de manera bloquejada durant els terminis legalment exigits.<\/p><p><strong>Legitimaci\u00f3 i dades recaptades<\/strong><\/p><ul><li><strong>Legitimaci\u00f3:<\/strong> La legitimaci\u00f3 per al tractament de les seves dades \u00e9s el consentiment expr\u00e9s atorgat mitjan\u00e7ant un acte positiu i afirmatiu (emplenar el formulari corresponent i marcar la casella d&#8217;acceptaci\u00f3 d&#8217;aquesta pol\u00edtica) en el moment de facilitar-nos les seves dades personals.<\/li><li><strong>Consentiment per a tractar les seves dades:<\/strong> En emplenar els formularis, marcar la casella \u201cAccepto la Pol\u00edtica de Privacitat\u201d i fer clic per a enviar les dades, o en remetre correus electr\u00f2nics a l&#8217;Empresa a trav\u00e9s dels comptes habilitats a aquest efecte, l&#8217;Usuari manifesta haver llegit i acceptat expressament la present pol\u00edtica de privacitat, i atorga el seu consentiment inequ\u00edvoc i expr\u00e9s al tractament de les seves dades personals conforme a les finalitats indicades.<\/li><li><strong>Categories de dades:<\/strong> Les dades que es recapten es refereixen a la categoria de dades identificatives, com poden ser: Nom i Cognoms, Tel\u00e8fon, Adre\u00e7a Postal, Empresa, Correu electr\u00f2nic, versi\u00f3 del navegador, sistema operatiu, durada de la visita o navegaci\u00f3 per la P\u00e0gina web, aix\u00ed com l&#8217;adre\u00e7a IP des d&#8217;on accedeix al formulari de recollida de dades.<\/li><\/ul><p><strong>Medidas de seguretat<\/strong><\/p><p>Dins del nostre comprom\u00eds per garantir la seguretat i confidencialitat de les seves dades de car\u00e0cter personal, l&#8217;informem que s&#8217;han adoptat les mesures d&#8217;\u00edndole t\u00e8cnica i organitzatives necess\u00e0ries per a garantir la seguretat de les dades de car\u00e0cter personal i evitar la seva alteraci\u00f3, p\u00e8rdua, tractament o acc\u00e9s no autoritzat, tenint en compte de l&#8217;estat de la tecnologia, la naturalesa de les dades emmagatzemades i els riscos al fet que estiguin exposats, segons l&#8217;Art. 32 del RGPD EU 679\/2016.<\/p><p><strong>Cessi\u00f3 de dades<\/strong><\/p><p>No es preveuen cessions de dades ni transfer\u00e8ncies internacionals de les seves dades, a excepci\u00f3 de les autoritzades per la legislaci\u00f3 fiscal, mercantil i de telecomunicacions, aix\u00ed com en aquells casos en els quals una autoritat judicial ens ho requereixi.<\/p><p><strong>Drets de l&#8217;usuari<\/strong><\/p><p>Qualsevol interessat t\u00e9 dret a obtenir confirmaci\u00f3 sobre si estem tractant dades personals que el concerneixin, o no. Les persones interessades tenen dret a:<\/p><ul><li>Accedir a les seves dades personals.<\/li><li>Sol\u00b7licitar la rectificaci\u00f3 de les dades inexactes o, si \u00e9s el cas, sol\u00b7licitar la seva supressi\u00f3 quan, entre altres motius, les dades ja no siguin necessaris per als fins que van ser recollits.<\/li><li>Sol\u00b7licitar la limitaci\u00f3 del tractament de les seves dades.<\/li><li>Oposar-se al tractament de les seves dades.<\/li><li>Sol\u00b7licitar la portabilitat de les seves dades.<\/li><li>Revocar el consentiment atorgat.<\/li><\/ul><p>Aix\u00ed mateix, t\u00e9 dret a presentar una reclamaci\u00f3 davant l&#8217;Ag\u00e8ncia Espanyola de Protecci\u00f3 de Dades.<\/p><p><strong>Com exercitar els seus drets?<\/strong><\/p><p>Per a exercir els seus drets, ha de dirigir-se al responsable, sol\u00b7licitant el corresponent formulari per a l&#8217;exercici del dret triat. Opcionalment, pot acudir a l&#8217;Autoritat de Control competent per a obtenir informaci\u00f3 addicional sobre els seus drets. Les dades de contacte per a l&#8217;exercici dels seus drets s\u00f3n el tel\u00e8fon i el correu electr\u00f2nic indicats. Recordi acompanyar una c\u00f2pia d&#8217;un document que permeti identificar-li.<\/p><p><strong>Consentiment per a enviament de comunicacions electr\u00f2niques<\/strong><\/p><p>Aix\u00ed mateix, i d&#8217;acord amb el que s&#8217;estableix en la Llei 34\/2002, d&#8217;11 de juliol, de Serveis de la Societat de la Informaci\u00f3 i del Comer\u00e7 Electr\u00f2nic, completant el formulari de recollida de dades i marcant la corresponent casella \u201cAccepto l&#8217;enviament de comunicacions electr\u00f2niques\u201d, est\u00e0 atorgant el consentiment expr\u00e9s per a enviar-li a la seva adre\u00e7a de correu electr\u00f2nic, tel\u00e8fon, fax o un altre mitj\u00e0 electr\u00f2nic informaci\u00f3 sobre l&#8217;Empresa.<\/p>\t\t\t\t\t\t\t\t<\/div>\n\t\t\t\t<\/div>\n\t\t\t\t<div class=\"elementor-element elementor-element-1c22da0d sc_height_large sc_fly_static elementor-widget elementor-widget-spacer\" data-id=\"1c22da0d\" data-element_type=\"widget\" data-widget_type=\"spacer.default\">\n\t\t\t\t<div class=\"elementor-widget-container\">\n\t\t\t\t\t\t\t<div class=\"elementor-spacer\">\n\t\t\t<div class=\"elementor-spacer-inner\"><\/div>\n\t\t<\/div>\n\t\t\t\t\t\t<\/div>\n\t\t\t\t<\/div>\n\t\t\t\t<div class=\"elementor-element elementor-element-335a4a6b elementor-widget-divider--view-line sc_fly_static elementor-widget elementor-widget-divider\" data-id=\"335a4a6b\" data-element_type=\"widget\" data-widget_type=\"divider.default\">\n\t\t\t\t<div class=\"elementor-widget-container\">\n\t\t\t\t\t\t\t<div class=\"elementor-divider\">\n\t\t\t<span class=\"elementor-divider-separator\">\n\t\t\t\t\t\t<\/span>\n\t\t<\/div>\n\t\t\t\t\t\t<\/div>\n\t\t\t\t<\/div>\n\t\t\t\t\t<\/div>\n\t\t<\/div>\n\t\t\t\t\t<\/div>\n\t\t<\/section>\n\t\t\t\t<\/div>\n\t\t","protected":false},"excerpt":{"rendered":"<p>Pol\u00edtica de Privacitat Dades del responsable del tractament Ra\u00f3 Social: Ricardo Santos Vilchez (d&#8217;ara endavant, la \u201cEmpresa\u201d o el \u201cResponsable\u201d). CIF: 44782123L Domicili: Carrer Fran\u00e7a, 37, Andratx, Illes Balears, 07159&hellip;<\/p>\n","protected":false},"author":1,"featured_media":0,"parent":0,"menu_order":0,"comment_status":"closed","ping_status":"closed","template":"","meta":{"_acf_changed":false,"footnotes":""},"class_list":["post-39396","page","type-page","status-publish","hentry"],"acf":[],"yoast_head":"<!-- This site is optimized with the Yoast SEO plugin v24.2 - https:\/\/yoast.com\/wordpress\/plugins\/seo\/ -->\n<title>Pol\u00edtica de Privacitat | Nemus<\/title>\n<meta name=\"description\" content=\"Consulta la Pol\u00edtica de Privacitat de Nemus Arboricultura i coneix com protegim les teves dades personals i garantim la teva privacitat.\" \/>\n<meta name=\"robots\" content=\"index, follow, max-snippet:-1, max-image-preview:large, max-video-preview:-1\" \/>\n<link rel=\"canonical\" href=\"https:\/\/nemusarboricultura.com\/ca\/politica-de-privacitat\/\" \/>\n<meta property=\"og:locale\" content=\"ca_ES\" \/>\n<meta property=\"og:type\" content=\"article\" \/>\n<meta property=\"og:title\" content=\"Pol\u00edtica de Privacitat | Nemus\" \/>\n<meta property=\"og:description\" content=\"Consulta la Pol\u00edtica de Privacitat de Nemus Arboricultura i coneix com protegim les teves dades personals i garantim la teva privacitat.\" \/>\n<meta property=\"og:url\" content=\"https:\/\/nemusarboricultura.com\/ca\/politica-de-privacitat\/\" \/>\n<meta property=\"og:site_name\" content=\"Nemus\" \/>\n<meta property=\"article:modified_time\" content=\"2025-04-14T08:34:27+00:00\" \/>\n<meta name=\"twitter:card\" content=\"summary_large_image\" \/>\n<meta name=\"twitter:label1\" content=\"Temps estimat de lectura\" \/>\n\t<meta name=\"twitter:data1\" content=\"6 minuts\" \/>\n<script type=\"application\/ld+json\" class=\"yoast-schema-graph\">{\"@context\":\"https:\/\/schema.org\",\"@graph\":[{\"@type\":\"WebPage\",\"@id\":\"https:\/\/nemusarboricultura.com\/ca\/politica-de-privacitat\/\",\"url\":\"https:\/\/nemusarboricultura.com\/ca\/politica-de-privacitat\/\",\"name\":\"Pol\u00edtica de Privacitat | Nemus\",\"isPartOf\":{\"@id\":\"https:\/\/nemusarboricultura.com\/#website\"},\"datePublished\":\"2024-11-18T12:31:22+00:00\",\"dateModified\":\"2025-04-14T08:34:27+00:00\",\"description\":\"Consulta la Pol\u00edtica de Privacitat de Nemus Arboricultura i coneix com protegim les teves dades personals i garantim la teva privacitat.\",\"breadcrumb\":{\"@id\":\"https:\/\/nemusarboricultura.com\/ca\/politica-de-privacitat\/#breadcrumb\"},\"inLanguage\":\"ca\",\"potentialAction\":[{\"@type\":\"ReadAction\",\"target\":[\"https:\/\/nemusarboricultura.com\/ca\/politica-de-privacitat\/\"]}]},{\"@type\":\"BreadcrumbList\",\"@id\":\"https:\/\/nemusarboricultura.com\/ca\/politica-de-privacitat\/#breadcrumb\",\"itemListElement\":[{\"@type\":\"ListItem\",\"position\":1,\"name\":\"Portada\",\"item\":\"https:\/\/nemusarboricultura.com\/ca\/\"},{\"@type\":\"ListItem\",\"position\":2,\"name\":\"Pol\u00edtica de Privacitat\"}]},{\"@type\":\"WebSite\",\"@id\":\"https:\/\/nemusarboricultura.com\/#website\",\"url\":\"https:\/\/nemusarboricultura.com\/\",\"name\":\"Nemus Arboricultura y Formaci\u00f3n en Mallorca\",\"description\":\"Nemus Arboricultura: Gesti\u00f3n sostenible del arbolado con 20 a\u00f1os de experiencia. Cuidado del entorno y formaci\u00f3n de expertos en arboricultura.\",\"publisher\":{\"@id\":\"https:\/\/nemusarboricultura.com\/#organization\"},\"alternateName\":\"Nemus Arboricultura\",\"potentialAction\":[{\"@type\":\"SearchAction\",\"target\":{\"@type\":\"EntryPoint\",\"urlTemplate\":\"https:\/\/nemusarboricultura.com\/?s={search_term_string}\"},\"query-input\":{\"@type\":\"PropertyValueSpecification\",\"valueRequired\":true,\"valueName\":\"search_term_string\"}}],\"inLanguage\":\"ca\"},{\"@type\":\"Organization\",\"@id\":\"https:\/\/nemusarboricultura.com\/#organization\",\"name\":\"Nemus Arboricultura y Formaci\u00f3n en Mallorca\",\"alternateName\":\"Nemus Arboricultura\",\"url\":\"https:\/\/nemusarboricultura.com\/\",\"logo\":{\"@type\":\"ImageObject\",\"inLanguage\":\"ca\",\"@id\":\"https:\/\/nemusarboricultura.com\/#\/schema\/logo\/image\/\",\"url\":\"https:\/\/nemusarboricultura.com\/wp-content\/uploads\/2025\/01\/Logotipo-Vertical.png\",\"contentUrl\":\"https:\/\/nemusarboricultura.com\/wp-content\/uploads\/2025\/01\/Logotipo-Vertical.png\",\"width\":656,\"height\":745,\"caption\":\"Nemus Arboricultura y Formaci\u00f3n en Mallorca\"},\"image\":{\"@id\":\"https:\/\/nemusarboricultura.com\/#\/schema\/logo\/image\/\"}}]}<\/script>\n<!-- \/ Yoast SEO plugin. -->","yoast_head_json":{"title":"Pol\u00edtica de Privacitat | Nemus","description":"Consulta la Pol\u00edtica de Privacitat de Nemus Arboricultura i coneix com protegim les teves dades personals i garantim la teva privacitat.","robots":{"index":"index","follow":"follow","max-snippet":"max-snippet:-1","max-image-preview":"max-image-preview:large","max-video-preview":"max-video-preview:-1"},"canonical":"https:\/\/nemusarboricultura.com\/ca\/politica-de-privacitat\/","og_locale":"ca_ES","og_type":"article","og_title":"Pol\u00edtica de Privacitat | Nemus","og_description":"Consulta la Pol\u00edtica de Privacitat de Nemus Arboricultura i coneix com protegim les teves dades personals i garantim la teva privacitat.","og_url":"https:\/\/nemusarboricultura.com\/ca\/politica-de-privacitat\/","og_site_name":"Nemus","article_modified_time":"2025-04-14T08:34:27+00:00","twitter_card":"summary_large_image","twitter_misc":{"Temps estimat de lectura":"6 minuts"},"schema":{"@context":"https:\/\/schema.org","@graph":[{"@type":"WebPage","@id":"https:\/\/nemusarboricultura.com\/ca\/politica-de-privacitat\/","url":"https:\/\/nemusarboricultura.com\/ca\/politica-de-privacitat\/","name":"Pol\u00edtica de Privacitat | Nemus","isPartOf":{"@id":"https:\/\/nemusarboricultura.com\/#website"},"datePublished":"2024-11-18T12:31:22+00:00","dateModified":"2025-04-14T08:34:27+00:00","description":"Consulta la Pol\u00edtica de Privacitat de Nemus Arboricultura i coneix com protegim les teves dades personals i garantim la teva privacitat.","breadcrumb":{"@id":"https:\/\/nemusarboricultura.com\/ca\/politica-de-privacitat\/#breadcrumb"},"inLanguage":"ca","potentialAction":[{"@type":"ReadAction","target":["https:\/\/nemusarboricultura.com\/ca\/politica-de-privacitat\/"]}]},{"@type":"BreadcrumbList","@id":"https:\/\/nemusarboricultura.com\/ca\/politica-de-privacitat\/#breadcrumb","itemListElement":[{"@type":"ListItem","position":1,"name":"Portada","item":"https:\/\/nemusarboricultura.com\/ca\/"},{"@type":"ListItem","position":2,"name":"Pol\u00edtica de Privacitat"}]},{"@type":"WebSite","@id":"https:\/\/nemusarboricultura.com\/#website","url":"https:\/\/nemusarboricultura.com\/","name":"Nemus Arboricultura y Formaci\u00f3n en Mallorca","description":"Nemus Arboricultura: Gesti\u00f3n sostenible del arbolado con 20 a\u00f1os de experiencia. Cuidado del entorno y formaci\u00f3n de expertos en arboricultura.","publisher":{"@id":"https:\/\/nemusarboricultura.com\/#organization"},"alternateName":"Nemus Arboricultura","potentialAction":[{"@type":"SearchAction","target":{"@type":"EntryPoint","urlTemplate":"https:\/\/nemusarboricultura.com\/?s={search_term_string}"},"query-input":{"@type":"PropertyValueSpecification","valueRequired":true,"valueName":"search_term_string"}}],"inLanguage":"ca"},{"@type":"Organization","@id":"https:\/\/nemusarboricultura.com\/#organization","name":"Nemus Arboricultura y Formaci\u00f3n en Mallorca","alternateName":"Nemus Arboricultura","url":"https:\/\/nemusarboricultura.com\/","logo":{"@type":"ImageObject","inLanguage":"ca","@id":"https:\/\/nemusarboricultura.com\/#\/schema\/logo\/image\/","url":"https:\/\/nemusarboricultura.com\/wp-content\/uploads\/2025\/01\/Logotipo-Vertical.png","contentUrl":"https:\/\/nemusarboricultura.com\/wp-content\/uploads\/2025\/01\/Logotipo-Vertical.png","width":656,"height":745,"caption":"Nemus Arboricultura y Formaci\u00f3n en Mallorca"},"image":{"@id":"https:\/\/nemusarboricultura.com\/#\/schema\/logo\/image\/"}}]}},"_links":{"self":[{"href":"https:\/\/nemusarboricultura.com\/ca\/wp-json\/wp\/v2\/pages\/39396","targetHints":{"allow":["GET"]}}],"collection":[{"href":"https:\/\/nemusarboricultura.com\/ca\/wp-json\/wp\/v2\/pages"}],"about":[{"href":"https:\/\/nemusarboricultura.com\/ca\/wp-json\/wp\/v2\/types\/page"}],"author":[{"embeddable":true,"href":"https:\/\/nemusarboricultura.com\/ca\/wp-json\/wp\/v2\/users\/1"}],"replies":[{"embeddable":true,"href":"https:\/\/nemusarboricultura.com\/ca\/wp-json\/wp\/v2\/comments?post=39396"}],"version-history":[{"count":13,"href":"https:\/\/nemusarboricultura.com\/ca\/wp-json\/wp\/v2\/pages\/39396\/revisions"}],"predecessor-version":[{"id":39410,"href":"https:\/\/nemusarboricultura.com\/ca\/wp-json\/wp\/v2\/pages\/39396\/revisions\/39410"}],"wp:attachment":[{"href":"https:\/\/nemusarboricultura.com\/ca\/wp-json\/wp\/v2\/media?parent=39396"}],"curies":[{"name":"wp","href":"https:\/\/api.w.org\/{rel}","templated":true}]}}