{"id":39377,"date":"2024-11-19T08:25:38","date_gmt":"2024-11-19T08:25:38","guid":{"rendered":"https:\/\/nemusarboricultura.com\/?page_id=39377"},"modified":"2025-04-14T07:42:32","modified_gmt":"2025-04-14T07:42:32","slug":"politica-cookies","status":"publish","type":"page","link":"https:\/\/nemusarboricultura.com\/ca\/politica-cookies\/","title":{"rendered":"Pol\u00edtica de Cookies"},"content":{"rendered":"\t\t<div data-elementor-type=\"wp-page\" data-elementor-id=\"39377\" class=\"elementor elementor-39377 elementor-37545\">\n\t\t\t\t\t\t<section class=\"elementor-section elementor-top-section elementor-element elementor-element-4fc74b93 elementor-section-boxed elementor-section-height-default elementor-section-height-default sc_fly_static\" data-id=\"4fc74b93\" data-element_type=\"section\">\n\t\t\t\t\t\t<div class=\"elementor-container elementor-column-gap-extended\">\n\t\t\t\t\t<div class=\"elementor-column elementor-col-100 elementor-top-column elementor-element elementor-element-3ed1c311 sc_content_align_inherit sc_layouts_column_icons_position_left sc_fly_static\" data-id=\"3ed1c311\" data-element_type=\"column\">\n\t\t\t<div class=\"elementor-widget-wrap elementor-element-populated\">\n\t\t\t\t\t\t<div class=\"elementor-element elementor-element-2d1b80c3 sc_height_huge sc_fly_static elementor-widget elementor-widget-spacer\" data-id=\"2d1b80c3\" data-element_type=\"widget\" data-widget_type=\"spacer.default\">\n\t\t\t\t<div class=\"elementor-widget-container\">\n\t\t\t\t\t\t\t<div class=\"elementor-spacer\">\n\t\t\t<div class=\"elementor-spacer-inner\"><\/div>\n\t\t<\/div>\n\t\t\t\t\t\t<\/div>\n\t\t\t\t<\/div>\n\t\t\t\t<div class=\"elementor-element elementor-element-45699e22 sc_fly_static elementor-widget elementor-widget-trx_sc_title\" data-id=\"45699e22\" data-element_type=\"widget\" data-widget_type=\"trx_sc_title.default\">\n\t\t\t\t<div class=\"elementor-widget-container\">\n\t\t\t\t\t<div\t\tclass=\"sc_title sc_title_default\" ><h1 class=\"sc_item_title sc_title_title sc_item_title_style_default sc_item_title_tag\"\n\t\t\t><span class=\"sc_item_title_text\">Pol\u00edtica de Cookies<\/span><\/h1><\/div>\t\t\t\t<\/div>\n\t\t\t\t<\/div>\n\t\t\t\t<div class=\"elementor-element elementor-element-5569a36 sc_height_tiny sc_fly_static elementor-widget elementor-widget-spacer\" data-id=\"5569a36\" data-element_type=\"widget\" data-widget_type=\"spacer.default\">\n\t\t\t\t<div class=\"elementor-widget-container\">\n\t\t\t\t\t\t\t<div class=\"elementor-spacer\">\n\t\t\t<div class=\"elementor-spacer-inner\"><\/div>\n\t\t<\/div>\n\t\t\t\t\t\t<\/div>\n\t\t\t\t<\/div>\n\t\t\t\t<div class=\"elementor-element elementor-element-7c6f7e31 sc_fly_static elementor-widget elementor-widget-text-editor\" data-id=\"7c6f7e31\" data-element_type=\"widget\" data-widget_type=\"text-editor.default\">\n\t\t\t\t<div class=\"elementor-widget-container\">\n\t\t\t\t\t\t\t\t\t<p><strong>Antecedents<\/strong><\/p><p>De conformitat amb la normativa espanyola que regula l&#8217;\u00fas de cookies en relaci\u00f3 a la prestaci\u00f3 de serveis de comunicacions electr\u00f2niques, recollida en l&#8217;article 22.2 de la Llei 34\/2002, d&#8217;11 de juliol, de Serveis de la Societat de la Informaci\u00f3 i de Comer\u00e7 Electr\u00f2nic, l&#8217;informem sobre les cookies utilitzades en el lloc web de Nemus Arboricultura (d&#8217;ara endavant, &#8220;el Lloc web&#8221;) i el motiu del seu \u00fas.<\/p><h3><strong>\u00bfQu\u00e8 s\u00f3n les cookies?<\/strong><\/h3><p>Una cookie \u00e9s un fitxer que es descarrega en el seu dispositiu en accedir a determinades p\u00e0gines web. Les cookies permeten a una p\u00e0gina web, entre altres coses, emmagatzemar i recuperar informaci\u00f3 sobre els h\u00e0bits de navegaci\u00f3 d&#8217;un usuari o del seu dispositiu i, depenent de la informaci\u00f3 que continguin i de la forma en qu\u00e8 utilitzi el seu dispositiu, poden utilitzar-se per a recon\u00e8ixer a l&#8217;usuari. Les cookies no proporcionen refer\u00e8ncies que permetin con\u00e8ixer dades personals tret que l&#8217;usuari ho permeti expl\u00edcitament.<\/p><h3><strong>Tipus de cookies utilizades<\/strong><\/h3><p>En el lloc web de Nemus Arboricultura, utilitzem els seg\u00fcents tipus de cookies:<\/p><h4><strong>Segons l&#8217;entitat que les gestiona<\/strong>:<\/h4><ul><li><strong>Cookies pr\u00f2pies:<\/strong> Gestionades directament per Nemus Arboricultura per a garantir el correcte funcionament del lloc web i millorar l&#8217;experi\u00e8ncia de l&#8217;usuari.<\/li><li><strong>Cookies de tercers:<\/strong> Gestionades per prove\u00efdors externs, com a serveis d&#8217;an\u00e0lisis o xarxes socials, per a recollir estad\u00edstiques an\u00f2nimes o personalitzar contingut.<\/li><\/ul><h4><strong>Segons la seva finalitat<\/strong>:<\/h4><ul><li><strong>Cookies t\u00e8cniques:<\/strong> Necess\u00e0ries per a la navegaci\u00f3 i el correcte funcionament del Lloc web, com el control de tr\u00e0nsit, inici de sessi\u00f3 i acc\u00e9s a funcionalitats restringides.<\/li><li><strong>Cookies de personalizaci\u00f3:<\/strong> Permeten recordar prefer\u00e8ncies, com l&#8217;idioma seleccionat o la regi\u00f3 des de la qual accedeix l&#8217;usuari.<\/li><li><strong>Cookies d&#8217;an\u00e0lisis:<\/strong> Ajuden a comprendre com interactuen els usuaris amb el Lloc web mitjan\u00e7ant dades estad\u00edstiques an\u00f2nimes. Aquestes cookies ens permeten millorar els nostres serveis.<\/li><li><strong>Cookies de publicitat comportamental: <\/strong>Utilitzades per a mostrar publicitat adaptada als interessos de l&#8217;usuari en funci\u00f3 de la seva navegaci\u00f3.<\/li><\/ul><h4><strong>Segons el tiemps que romanen actives<\/strong>:<\/h4><ul><li><strong>Cookies de sessi\u00f3:<\/strong> S&#8217;eliminen en tancar el navegador.<\/li><li><strong>Cookies persistents:<\/strong> Romanen en el dispositiu de l&#8217;usuari durant un per\u00edode definit, que pot variar segons la cookie.<\/li><\/ul><h3><strong>Llistat de cookies utilizades en aquest Lloc Web<\/strong><\/h3><p>A continuaci\u00f3, s&#8217;inclou una taula detallada amb les cookies utilitzades pel Lloc web. Aquest llistat pot actualitzar-se en funci\u00f3 de les cookies implementades en el futur:<\/p><h4><strong>Cookies necess\u00e0ries<\/strong><\/h4><table style=\"height: 171px;\" width=\"1254\"><thead><tr><th><strong>Nom de la Cookie<\/strong><\/th><th><strong>Propietari<\/strong><\/th><th><strong>Prop\u00f2sit<\/strong><\/th><th><strong>Duraci\u00f3<\/strong><\/th><\/tr><\/thead><tbody><tr><td style=\"text-align: center;\"><code>cookieConsent<\/code><\/td><td style=\"text-align: center;\">Pr\u00f2pia<\/td><td style=\"text-align: center;\">Emmagatzema l&#8217;acceptaci\u00f3 de l&#8217;\u00fas de cookies.<\/td><td style=\"text-align: center;\">1 any<\/td><\/tr><tr><td style=\"text-align: center;\"><code>PHPSESSID<\/code><\/td><td style=\"text-align: center;\">Pr\u00f2pia<\/td><td style=\"text-align: center;\">Identifica la sessi\u00f3 activa de l&#8217;usuari.<\/td><td style=\"text-align: center;\">Sessi\u00f3<\/td><\/tr><\/tbody><\/table><h4><strong>Cookies d&#8217; an\u00e0lisi<\/strong><\/h4><table style=\"height: 194px;\" width=\"1228\"><thead><tr><th><strong>Nom de la cookie<\/strong><\/th><th><strong>Propietari<\/strong><\/th><th><strong>Prop\u00f2sit<\/strong><\/th><th><strong>Duraci\u00f3<\/strong><\/th><\/tr><\/thead><tbody><tr><td style=\"text-align: center;\"><code>_ga<\/code><\/td><td style=\"text-align: center;\">Google Analytics<\/td><td style=\"text-align: center;\">Distingir usuaris per a estad\u00edstiques.<\/td><td style=\"text-align: center;\">2 anys<\/td><\/tr><tr><td style=\"text-align: center;\"><code>_gid<\/code><\/td><td style=\"text-align: center;\">Google Analytics<\/td><td style=\"text-align: center;\">Distingir usuaris en sessions.<\/td><td style=\"text-align: center;\">24 hores<\/td><\/tr><\/tbody><\/table><h4><strong>Cookies de personalitzaci\u00f3<\/strong><\/h4><table style=\"height: 132px;\" width=\"1239\"><thead><tr><th><strong>Nom de la cookie<\/strong><\/th><th><strong>Propietari<\/strong><\/th><th><strong>Prop\u00f2sit<\/strong><\/th><th><strong>Duraci\u00f3<\/strong><\/th><\/tr><\/thead><tbody><tr><td style=\"text-align: center;\"><code>langPref<\/code><\/td><td style=\"text-align: center;\">Pr\u00f2pia<\/td><td style=\"text-align: center;\">Recorda l&#8217;idioma seleccionat per l&#8217;usuari.<\/td><td style=\"text-align: center;\">1 mes<\/td><\/tr><\/tbody><\/table><h3><strong>Revocaci\u00f3 i eliminaci\u00f3 de cookies<\/strong><\/h3><p>L&#8217;usuari pot configurar el seu navegador per a acceptar o rebutjar cookies, o b\u00e9 seleccionar aquelles la instal\u00b7laci\u00f3 de les quals desitja permetre. Aix\u00f2 es pot realitzar seguint les instruccions espec\u00edfiques del navegador utilitzat:<\/p><ul><li><strong>Google Chrome:<\/strong> <a target=\"_new\" rel=\"noopener\">https:\/\/support.google.com\/chrome\/answer\/95647<\/a><\/li><li><strong>Mozilla Firefox:<\/strong> <a href=\"https:\/\/support.mozilla.org\/es\/kb\/cookies-informacion-los-sitios-web-guardan-en-\" target=\"_new\" rel=\"noopener\">https:\/\/support.mozilla.org\/es\/kb\/cookies-informacion-los-sitios-web-guardan-en-<\/a><\/li><li><strong>Safari:<\/strong> <a href=\"https:\/\/support.apple.com\/es-es\/guide\/safari\/sfri11471\/mac\" target=\"_new\" rel=\"noopener\">https:\/\/support.apple.com\/es-es\/guide\/safari\/sfri11471\/mac<\/a><\/li><li><strong>Microsoft Edge:<\/strong> <a href=\"https:\/\/support.microsoft.com\/es-es\/microsoft-edge\/eliminar-las-cookies-en-microsoft-edge\" target=\"_new\" rel=\"noopener\">https:\/\/support.microsoft.com\/es-es\/microsoft-edge\/eliminar-las-cookies-en-microsoft-edge<\/a><\/li><\/ul><h3><strong>Actualizacions de la Pol\u00edtica de Cookies<\/strong><\/h3><p><strong>Nemus Arboricultura<\/strong> pot actualitzar aquesta Pol\u00edtica de Cookies en qualsevol moment en funci\u00f3 de canvis legislatius, t\u00e8cnics o de funcionament del Lloc web. Es recomana revisar aquesta pol\u00edtica peri\u00f2dicament per a mantenir-se informat sobre l&#8217;\u00fas de cookies en el Lloc web.<\/p>\t\t\t\t\t\t\t\t<\/div>\n\t\t\t\t<\/div>\n\t\t\t\t<div class=\"elementor-element elementor-element-1c22da0d sc_height_large sc_fly_static elementor-widget elementor-widget-spacer\" data-id=\"1c22da0d\" data-element_type=\"widget\" data-widget_type=\"spacer.default\">\n\t\t\t\t<div class=\"elementor-widget-container\">\n\t\t\t\t\t\t\t<div class=\"elementor-spacer\">\n\t\t\t<div class=\"elementor-spacer-inner\"><\/div>\n\t\t<\/div>\n\t\t\t\t\t\t<\/div>\n\t\t\t\t<\/div>\n\t\t\t\t<div class=\"elementor-element elementor-element-335a4a6b elementor-widget-divider--view-line sc_fly_static elementor-widget elementor-widget-divider\" data-id=\"335a4a6b\" data-element_type=\"widget\" data-widget_type=\"divider.default\">\n\t\t\t\t<div class=\"elementor-widget-container\">\n\t\t\t\t\t\t\t<div class=\"elementor-divider\">\n\t\t\t<span class=\"elementor-divider-separator\">\n\t\t\t\t\t\t<\/span>\n\t\t<\/div>\n\t\t\t\t\t\t<\/div>\n\t\t\t\t<\/div>\n\t\t\t\t\t<\/div>\n\t\t<\/div>\n\t\t\t\t\t<\/div>\n\t\t<\/section>\n\t\t\t\t<\/div>\n\t\t","protected":false},"excerpt":{"rendered":"<p>Pol\u00edtica de Cookies Antecedents De conformitat amb la normativa espanyola que regula l&#8217;\u00fas de cookies en relaci\u00f3 a la prestaci\u00f3 de serveis de comunicacions electr\u00f2niques, recollida en l&#8217;article 22.2 de&hellip;<\/p>\n","protected":false},"author":1,"featured_media":0,"parent":0,"menu_order":0,"comment_status":"closed","ping_status":"closed","template":"","meta":{"_acf_changed":false,"footnotes":""},"class_list":["post-39377","page","type-page","status-publish","hentry"],"acf":[],"yoast_head":"<!-- This site is optimized with the Yoast SEO plugin v24.2 - https:\/\/yoast.com\/wordpress\/plugins\/seo\/ -->\n<title>Pol\u00edtica de Cookies | Nemus<\/title>\n<meta name=\"description\" content=\"Descobreix com fem servir les cookies a Nemus Arboricultura, la seva finalitat i com gestionar-les per a una millor experi\u00e8ncia.\" \/>\n<meta name=\"robots\" content=\"index, follow, max-snippet:-1, max-image-preview:large, max-video-preview:-1\" \/>\n<link rel=\"canonical\" href=\"https:\/\/nemusarboricultura.com\/ca\/politica-cookies\/\" \/>\n<meta property=\"og:locale\" content=\"ca_ES\" \/>\n<meta property=\"og:type\" content=\"article\" \/>\n<meta property=\"og:title\" content=\"Pol\u00edtica de Cookies | Nemus\" \/>\n<meta property=\"og:description\" content=\"Descobreix com fem servir les cookies a Nemus Arboricultura, la seva finalitat i com gestionar-les per a una millor experi\u00e8ncia.\" \/>\n<meta property=\"og:url\" content=\"https:\/\/nemusarboricultura.com\/ca\/politica-cookies\/\" \/>\n<meta property=\"og:site_name\" content=\"Nemus\" \/>\n<meta property=\"article:modified_time\" content=\"2025-04-14T07:42:32+00:00\" \/>\n<meta name=\"twitter:card\" content=\"summary_large_image\" \/>\n<meta name=\"twitter:label1\" content=\"Temps estimat de lectura\" \/>\n\t<meta name=\"twitter:data1\" content=\"4 minuts\" \/>\n<script type=\"application\/ld+json\" class=\"yoast-schema-graph\">{\"@context\":\"https:\/\/schema.org\",\"@graph\":[{\"@type\":\"WebPage\",\"@id\":\"https:\/\/nemusarboricultura.com\/ca\/politica-cookies\/\",\"url\":\"https:\/\/nemusarboricultura.com\/ca\/politica-cookies\/\",\"name\":\"Pol\u00edtica de Cookies | Nemus\",\"isPartOf\":{\"@id\":\"https:\/\/nemusarboricultura.com\/#website\"},\"datePublished\":\"2024-11-19T08:25:38+00:00\",\"dateModified\":\"2025-04-14T07:42:32+00:00\",\"description\":\"Descobreix com fem servir les cookies a Nemus Arboricultura, la seva finalitat i com gestionar-les per a una millor experi\u00e8ncia.\",\"breadcrumb\":{\"@id\":\"https:\/\/nemusarboricultura.com\/ca\/politica-cookies\/#breadcrumb\"},\"inLanguage\":\"ca\",\"potentialAction\":[{\"@type\":\"ReadAction\",\"target\":[\"https:\/\/nemusarboricultura.com\/ca\/politica-cookies\/\"]}]},{\"@type\":\"BreadcrumbList\",\"@id\":\"https:\/\/nemusarboricultura.com\/ca\/politica-cookies\/#breadcrumb\",\"itemListElement\":[{\"@type\":\"ListItem\",\"position\":1,\"name\":\"Portada\",\"item\":\"https:\/\/nemusarboricultura.com\/ca\/\"},{\"@type\":\"ListItem\",\"position\":2,\"name\":\"Pol\u00edtica de Cookies\"}]},{\"@type\":\"WebSite\",\"@id\":\"https:\/\/nemusarboricultura.com\/#website\",\"url\":\"https:\/\/nemusarboricultura.com\/\",\"name\":\"Nemus Arboricultura y Formaci\u00f3n en Mallorca\",\"description\":\"Nemus Arboricultura: Gesti\u00f3n sostenible del arbolado con 20 a\u00f1os de experiencia. Cuidado del entorno y formaci\u00f3n de expertos en arboricultura.\",\"publisher\":{\"@id\":\"https:\/\/nemusarboricultura.com\/#organization\"},\"alternateName\":\"Nemus Arboricultura\",\"potentialAction\":[{\"@type\":\"SearchAction\",\"target\":{\"@type\":\"EntryPoint\",\"urlTemplate\":\"https:\/\/nemusarboricultura.com\/?s={search_term_string}\"},\"query-input\":{\"@type\":\"PropertyValueSpecification\",\"valueRequired\":true,\"valueName\":\"search_term_string\"}}],\"inLanguage\":\"ca\"},{\"@type\":\"Organization\",\"@id\":\"https:\/\/nemusarboricultura.com\/#organization\",\"name\":\"Nemus Arboricultura y Formaci\u00f3n en Mallorca\",\"alternateName\":\"Nemus Arboricultura\",\"url\":\"https:\/\/nemusarboricultura.com\/\",\"logo\":{\"@type\":\"ImageObject\",\"inLanguage\":\"ca\",\"@id\":\"https:\/\/nemusarboricultura.com\/#\/schema\/logo\/image\/\",\"url\":\"https:\/\/nemusarboricultura.com\/wp-content\/uploads\/2025\/01\/Logotipo-Vertical.png\",\"contentUrl\":\"https:\/\/nemusarboricultura.com\/wp-content\/uploads\/2025\/01\/Logotipo-Vertical.png\",\"width\":656,\"height\":745,\"caption\":\"Nemus Arboricultura y Formaci\u00f3n en Mallorca\"},\"image\":{\"@id\":\"https:\/\/nemusarboricultura.com\/#\/schema\/logo\/image\/\"}}]}<\/script>\n<!-- \/ Yoast SEO plugin. -->","yoast_head_json":{"title":"Pol\u00edtica de Cookies | Nemus","description":"Descobreix com fem servir les cookies a Nemus Arboricultura, la seva finalitat i com gestionar-les per a una millor experi\u00e8ncia.","robots":{"index":"index","follow":"follow","max-snippet":"max-snippet:-1","max-image-preview":"max-image-preview:large","max-video-preview":"max-video-preview:-1"},"canonical":"https:\/\/nemusarboricultura.com\/ca\/politica-cookies\/","og_locale":"ca_ES","og_type":"article","og_title":"Pol\u00edtica de Cookies | Nemus","og_description":"Descobreix com fem servir les cookies a Nemus Arboricultura, la seva finalitat i com gestionar-les per a una millor experi\u00e8ncia.","og_url":"https:\/\/nemusarboricultura.com\/ca\/politica-cookies\/","og_site_name":"Nemus","article_modified_time":"2025-04-14T07:42:32+00:00","twitter_card":"summary_large_image","twitter_misc":{"Temps estimat de lectura":"4 minuts"},"schema":{"@context":"https:\/\/schema.org","@graph":[{"@type":"WebPage","@id":"https:\/\/nemusarboricultura.com\/ca\/politica-cookies\/","url":"https:\/\/nemusarboricultura.com\/ca\/politica-cookies\/","name":"Pol\u00edtica de Cookies | Nemus","isPartOf":{"@id":"https:\/\/nemusarboricultura.com\/#website"},"datePublished":"2024-11-19T08:25:38+00:00","dateModified":"2025-04-14T07:42:32+00:00","description":"Descobreix com fem servir les cookies a Nemus Arboricultura, la seva finalitat i com gestionar-les per a una millor experi\u00e8ncia.","breadcrumb":{"@id":"https:\/\/nemusarboricultura.com\/ca\/politica-cookies\/#breadcrumb"},"inLanguage":"ca","potentialAction":[{"@type":"ReadAction","target":["https:\/\/nemusarboricultura.com\/ca\/politica-cookies\/"]}]},{"@type":"BreadcrumbList","@id":"https:\/\/nemusarboricultura.com\/ca\/politica-cookies\/#breadcrumb","itemListElement":[{"@type":"ListItem","position":1,"name":"Portada","item":"https:\/\/nemusarboricultura.com\/ca\/"},{"@type":"ListItem","position":2,"name":"Pol\u00edtica de Cookies"}]},{"@type":"WebSite","@id":"https:\/\/nemusarboricultura.com\/#website","url":"https:\/\/nemusarboricultura.com\/","name":"Nemus Arboricultura y Formaci\u00f3n en Mallorca","description":"Nemus Arboricultura: Gesti\u00f3n sostenible del arbolado con 20 a\u00f1os de experiencia. Cuidado del entorno y formaci\u00f3n de expertos en arboricultura.","publisher":{"@id":"https:\/\/nemusarboricultura.com\/#organization"},"alternateName":"Nemus Arboricultura","potentialAction":[{"@type":"SearchAction","target":{"@type":"EntryPoint","urlTemplate":"https:\/\/nemusarboricultura.com\/?s={search_term_string}"},"query-input":{"@type":"PropertyValueSpecification","valueRequired":true,"valueName":"search_term_string"}}],"inLanguage":"ca"},{"@type":"Organization","@id":"https:\/\/nemusarboricultura.com\/#organization","name":"Nemus Arboricultura y Formaci\u00f3n en Mallorca","alternateName":"Nemus Arboricultura","url":"https:\/\/nemusarboricultura.com\/","logo":{"@type":"ImageObject","inLanguage":"ca","@id":"https:\/\/nemusarboricultura.com\/#\/schema\/logo\/image\/","url":"https:\/\/nemusarboricultura.com\/wp-content\/uploads\/2025\/01\/Logotipo-Vertical.png","contentUrl":"https:\/\/nemusarboricultura.com\/wp-content\/uploads\/2025\/01\/Logotipo-Vertical.png","width":656,"height":745,"caption":"Nemus Arboricultura y Formaci\u00f3n en Mallorca"},"image":{"@id":"https:\/\/nemusarboricultura.com\/#\/schema\/logo\/image\/"}}]}},"_links":{"self":[{"href":"https:\/\/nemusarboricultura.com\/ca\/wp-json\/wp\/v2\/pages\/39377","targetHints":{"allow":["GET"]}}],"collection":[{"href":"https:\/\/nemusarboricultura.com\/ca\/wp-json\/wp\/v2\/pages"}],"about":[{"href":"https:\/\/nemusarboricultura.com\/ca\/wp-json\/wp\/v2\/types\/page"}],"author":[{"embeddable":true,"href":"https:\/\/nemusarboricultura.com\/ca\/wp-json\/wp\/v2\/users\/1"}],"replies":[{"embeddable":true,"href":"https:\/\/nemusarboricultura.com\/ca\/wp-json\/wp\/v2\/comments?post=39377"}],"version-history":[{"count":16,"href":"https:\/\/nemusarboricultura.com\/ca\/wp-json\/wp\/v2\/pages\/39377\/revisions"}],"predecessor-version":[{"id":39393,"href":"https:\/\/nemusarboricultura.com\/ca\/wp-json\/wp\/v2\/pages\/39377\/revisions\/39393"}],"wp:attachment":[{"href":"https:\/\/nemusarboricultura.com\/ca\/wp-json\/wp\/v2\/media?parent=39377"}],"curies":[{"name":"wp","href":"https:\/\/api.w.org\/{rel}","templated":true}]}}