{"id":38365,"date":"2020-04-30T10:32:31","date_gmt":"2020-04-30T10:32:31","guid":{"rendered":"https:\/\/nemusarboricultura.com\/contacto\/"},"modified":"2025-04-04T10:37:58","modified_gmt":"2025-04-04T10:37:58","slug":"contacte","status":"publish","type":"page","link":"https:\/\/nemusarboricultura.com\/ca\/contacte\/","title":{"rendered":"Contacte"},"content":{"rendered":"\t\t<div data-elementor-type=\"wp-page\" data-elementor-id=\"38365\" class=\"elementor elementor-38365 elementor-1440\">\n\t\t\t\t\t\t<section class=\"elementor-section elementor-top-section elementor-element elementor-element-84d32a8 scheme_light elementor-section-boxed elementor-section-height-default elementor-section-height-default sc_fly_static\" data-id=\"84d32a8\" data-element_type=\"section\" data-settings=\"{&quot;background_background&quot;:&quot;classic&quot;}\">\n\t\t\t\t\t\t\t<div class=\"elementor-background-overlay\"><\/div>\n\t\t\t\t\t\t\t<div class=\"elementor-container elementor-column-gap-extended\">\n\t\t\t\t\t<div class=\"elementor-column elementor-col-100 elementor-top-column elementor-element elementor-element-9f2c4d9 sc_content_align_inherit sc_layouts_column_icons_position_left sc_fly_static\" data-id=\"9f2c4d9\" data-element_type=\"column\">\n\t\t\t<div class=\"elementor-widget-wrap elementor-element-populated\">\n\t\t\t\t\t\t<div class=\"elementor-element elementor-element-e09779f sc_height_large sc_fly_static elementor-widget elementor-widget-spacer\" data-id=\"e09779f\" data-element_type=\"widget\" data-widget_type=\"spacer.default\">\n\t\t\t\t<div class=\"elementor-widget-container\">\n\t\t\t\t\t\t\t<div class=\"elementor-spacer\">\n\t\t\t<div class=\"elementor-spacer-inner\"><\/div>\n\t\t<\/div>\n\t\t\t\t\t\t<\/div>\n\t\t\t\t<\/div>\n\t\t\t\t<section class=\"elementor-section elementor-inner-section elementor-element elementor-element-c6086f7 elementor-section-boxed elementor-section-height-default elementor-section-height-default sc_fly_static\" data-id=\"c6086f7\" data-element_type=\"section\">\n\t\t\t\t\t\t<div class=\"elementor-container elementor-column-gap-no\">\n\t\t\t\t\t<div class=\"elementor-column elementor-col-33 elementor-inner-column elementor-element elementor-element-bf29013 sc_content_align_inherit sc_layouts_column_icons_position_left sc_fly_static\" data-id=\"bf29013\" data-element_type=\"column\">\n\t\t\t<div class=\"elementor-widget-wrap elementor-element-populated\">\n\t\t\t\t\t\t<div class=\"elementor-element elementor-element-e45cad3 sc_layouts_hide_on_mobile sc_fly_static elementor-widget elementor-widget-spacer\" data-id=\"e45cad3\" data-element_type=\"widget\" data-widget_type=\"spacer.default\">\n\t\t\t\t<div class=\"elementor-widget-container\">\n\t\t\t\t\t\t\t<div class=\"elementor-spacer\">\n\t\t\t<div class=\"elementor-spacer-inner\"><\/div>\n\t\t<\/div>\n\t\t\t\t\t\t<\/div>\n\t\t\t\t<\/div>\n\t\t\t\t<div class=\"elementor-element elementor-element-835d0db sc_fly_static elementor-widget elementor-widget-trx_sc_title\" data-id=\"835d0db\" data-element_type=\"widget\" data-widget_type=\"trx_sc_title.default\">\n\t\t\t\t<div class=\"elementor-widget-container\">\n\t\t\t\t\t<div\t\tclass=\"sc_title sc_title_default\" ><h4 class=\"sc_item_title sc_title_title sc_item_title_style_default sc_item_title_tag\"\n\t\t\t><span class=\"sc_item_title_text\">Dades de contacte<\/span><\/h4><\/div>\t\t\t\t<\/div>\n\t\t\t\t<\/div>\n\t\t\t\t<div class=\"elementor-element elementor-element-80190bc sc_fly_static elementor-widget elementor-widget-spacer\" data-id=\"80190bc\" data-element_type=\"widget\" data-widget_type=\"spacer.default\">\n\t\t\t\t<div class=\"elementor-widget-container\">\n\t\t\t\t\t\t\t<div class=\"elementor-spacer\">\n\t\t\t<div class=\"elementor-spacer-inner\"><\/div>\n\t\t<\/div>\n\t\t\t\t\t\t<\/div>\n\t\t\t\t<\/div>\n\t\t\t\t<div class=\"elementor-element elementor-element-a26d4d4 sc_fly_static elementor-widget elementor-widget-trx_sc_icons\" data-id=\"a26d4d4\" data-element_type=\"widget\" data-widget_type=\"trx_sc_icons.default\">\n\t\t\t\t<div class=\"elementor-widget-container\">\n\t\t\t\t\t<div \tclass=\"sc_icons sc_icons_simple sc_icons_size_small sc_align_none\" ><div class=\"sc_icons_item with_more\"><div class=\"sc_icons_icon sc_icon_type_ icon-home-1\" style=\"color: #917E67\" ><span class=\"sc_icon_type_ icon-home-1\" style=\"color: #917E67\"><\/span><\/div><div class=\"sc_icons_item_details\"><div class=\"sc_icons_item_description\"><span>Islas Baleares, Mallorca<\/span><\/div><\/div><\/div><div class=\"sc_icons_item with_more\"><div class=\"sc_icons_icon sc_icon_type_ icon-email\" style=\"color: #917E67\" ><span class=\"sc_icon_type_ icon-email\" style=\"color: #917E67\"><\/span><\/div><div class=\"sc_icons_item_details\"><div class=\"sc_icons_item_description\"><span><a href=\"mailto:info@nemusarboricultura.com\">info@nemusarboricultura.com<\/a><\/span><\/div><\/div><\/div><div class=\"sc_icons_item sc_icons_item_linked\"><div class=\"sc_icons_icon sc_icon_type_ trx_addons_icon-telephone\" style=\"color: #917E67\" ><span class=\"sc_icon_type_ trx_addons_icon-telephone\" style=\"color: #917E67\"><\/span><\/div><div class=\"sc_icons_item_details\"><div class=\"sc_icons_item_description\"><span><a href=\"mailto:info@email.com\">+34 622477902<\/a><\/span><\/div><a href=\"tel:622477902\"\n                        class=\"sc_icons_item_link\">\n                        <\/a><\/div><\/div><\/div><!-- \/.sc_icons -->\t\t\t\t<\/div>\n\t\t\t\t<\/div>\n\t\t\t\t<div class=\"elementor-element elementor-element-ce06cbd sc_fly_static elementor-widget elementor-widget-spacer\" data-id=\"ce06cbd\" data-element_type=\"widget\" data-widget_type=\"spacer.default\">\n\t\t\t\t<div class=\"elementor-widget-container\">\n\t\t\t\t\t\t\t<div class=\"elementor-spacer\">\n\t\t\t<div class=\"elementor-spacer-inner\"><\/div>\n\t\t<\/div>\n\t\t\t\t\t\t<\/div>\n\t\t\t\t<\/div>\n\t\t\t\t<div class=\"elementor-element elementor-element-255cc72 sc_height_medium sc_layouts_hide_on_wide sc_layouts_hide_on_desktop sc_layouts_hide_on_notebook sc_layouts_hide_on_tablet sc_fly_static elementor-widget elementor-widget-spacer\" data-id=\"255cc72\" data-element_type=\"widget\" data-widget_type=\"spacer.default\">\n\t\t\t\t<div class=\"elementor-widget-container\">\n\t\t\t\t\t\t\t<div class=\"elementor-spacer\">\n\t\t\t<div class=\"elementor-spacer-inner\"><\/div>\n\t\t<\/div>\n\t\t\t\t\t\t<\/div>\n\t\t\t\t<\/div>\n\t\t\t\t\t<\/div>\n\t\t<\/div>\n\t\t\t\t<div class=\"elementor-column elementor-col-66 elementor-inner-column elementor-element elementor-element-e9db2f6 sc_content_align_inherit sc_layouts_column_icons_position_left sc_fly_static\" data-id=\"e9db2f6\" data-element_type=\"column\">\n\t\t\t<div class=\"elementor-widget-wrap elementor-element-populated\">\n\t\t\t\t\t\t<div class=\"elementor-element elementor-element-63d4b75 scheme_default sc_fly_static elementor-widget elementor-widget-trx_sc_contact_form_7\" data-id=\"63d4b75\" data-element_type=\"widget\" data-widget_type=\"trx_sc_contact_form_7.default\">\n\t\t\t\t<div class=\"elementor-widget-container\">\n\t\t\t\t\t\n<div class=\"wpcf7 no-js\" id=\"wpcf7-f38402-o1\" lang=\"ca\" dir=\"ltr\" data-wpcf7-id=\"38402\">\n<div class=\"screen-reader-response\"><p role=\"status\" aria-live=\"polite\" aria-atomic=\"true\"><\/p> <ul><\/ul><\/div>\n<form action=\"\/ca\/wp-json\/wp\/v2\/pages\/38365#wpcf7-f38402-o1\" method=\"post\" class=\"wpcf7-form init\" aria-label=\"Formulari de contacte\" novalidate=\"novalidate\" data-status=\"init\">\n<div style=\"display: none;\">\n<input type=\"hidden\" name=\"_wpcf7\" value=\"38402\" \/>\n<input type=\"hidden\" name=\"_wpcf7_version\" value=\"6.0.3\" \/>\n<input type=\"hidden\" name=\"_wpcf7_locale\" value=\"ca\" \/>\n<input type=\"hidden\" name=\"_wpcf7_unit_tag\" value=\"wpcf7-f38402-o1\" \/>\n<input type=\"hidden\" name=\"_wpcf7_container_post\" value=\"0\" \/>\n<input type=\"hidden\" name=\"_wpcf7_posted_data_hash\" value=\"\" \/>\n<input type=\"hidden\" name=\"_wpcf7_recaptcha_response\" value=\"\" \/>\n<\/div>\n<div class=\"form-style-4\">\n\t<div class=\"columns_wrap\">\n\t\t<div class=\"column-1_2\">\n\t\t\t<p><span class=\"style-icon icon-name\"><span class=\"wpcf7-form-control-wrap\" data-name=\"your-name\"><input size=\"40\" maxlength=\"400\" class=\"wpcf7-form-control wpcf7-text wpcf7-validates-as-required\" aria-required=\"true\" aria-invalid=\"false\" placeholder=\"Nombre\" value=\"\" type=\"text\" name=\"your-name\" \/><\/span><\/span>\n\t\t\t<\/p>\n\t\t<\/div>\n\t\t<div class=\"column-1_2\">\n\t\t\t<p><span class=\"style-icon icon-email\"><span class=\"wpcf7-form-control-wrap\" data-name=\"your-email\"><input size=\"40\" maxlength=\"400\" class=\"wpcf7-form-control wpcf7-email wpcf7-validates-as-required wpcf7-text wpcf7-validates-as-email\" aria-required=\"true\" aria-invalid=\"false\" placeholder=\"Correo Electr\u00f3nico\" value=\"\" type=\"email\" name=\"your-email\" \/><\/span><\/span>\n\t\t\t<\/p>\n\t\t<\/div>\n\t<\/div>\n\t<div class=\"columns_wrap\">\n\t\t<div class=\"column-1_2\">\n\t\t\t<p><span class=\"style-icon icon-phone\"><span class=\"wpcf7-form-control-wrap\" data-name=\"your-phone\"><input size=\"40\" maxlength=\"400\" class=\"wpcf7-form-control wpcf7-tel wpcf7-validates-as-required wpcf7-text wpcf7-validates-as-tel\" aria-required=\"true\" aria-invalid=\"false\" placeholder=\"Tel\u00e9fono\" value=\"\" type=\"tel\" name=\"your-phone\" \/><\/span><\/span>\n\t\t\t<\/p>\n\t\t<\/div>\n\t\t<div class=\"column-1_2\">\n\t\t\t<p><span class=\"style-icon icon-subject\"><span class=\"wpcf7-form-control-wrap\" data-name=\"your-subject\"><input size=\"40\" maxlength=\"400\" class=\"wpcf7-form-control wpcf7-text wpcf7-validates-as-required\" aria-required=\"true\" aria-invalid=\"false\" placeholder=\"Asunto\" value=\"\" type=\"text\" name=\"your-subject\" \/><\/span><\/span>\n\t\t\t<\/p>\n\t\t<\/div>\n\t<\/div>\n\t<div class=\"columns_wrap margin-bottom\">\n\t\t<div class=\"column-1_1\">\n\t\t\t<p><span class=\"style-icon icon-textarea\"><span class=\"wpcf7-form-control-wrap\" data-name=\"your-message\"><textarea cols=\"40\" rows=\"10\" maxlength=\"2000\" class=\"wpcf7-form-control wpcf7-textarea wpcf7-validates-as-required\" aria-required=\"true\" aria-invalid=\"false\" placeholder=\"\u00bfComo podemos ayudarte?  \u00a1No dudes en ponerte en contacto con nosotros!\" name=\"your-message\"><\/textarea><\/span><\/span>\n\t\t\t<\/p>\n\t\t<\/div>\n\t<\/div>\n\t<p><span class=\"wpcf7-form-control-wrap\" data-name=\"acceptance\"><span class=\"wpcf7-form-control wpcf7-acceptance\"><span class=\"wpcf7-list-item\"><label><input type=\"checkbox\" name=\"acceptance\" value=\"1\" aria-invalid=\"false\" \/><span class=\"wpcf7-list-item-label\">Estoy de acuerdo en que mis datos enviados sean <a href=\"\/politica-privacidad\/\">recopilados y almacenados.<\/a>.<\/span><\/label><\/span><\/span><\/span><input class=\"wpcf7-form-control wpcf7-submit has-spinner\" type=\"submit\" value=\"PONERSE EN CONTACTO\" \/>\n\t<\/p>\n<\/div><div class=\"wpcf7-response-output\" aria-hidden=\"true\"><\/div>\n<\/form>\n<\/div>\n\t\t\t\t<\/div>\n\t\t\t\t<\/div>\n\t\t\t\t\t<\/div>\n\t\t<\/div>\n\t\t\t\t\t<\/div>\n\t\t<\/section>\n\t\t\t\t<div class=\"elementor-element elementor-element-a985264 sc_height_huge sc_fly_static elementor-widget elementor-widget-spacer\" data-id=\"a985264\" data-element_type=\"widget\" data-widget_type=\"spacer.default\">\n\t\t\t\t<div class=\"elementor-widget-container\">\n\t\t\t\t\t\t\t<div class=\"elementor-spacer\">\n\t\t\t<div class=\"elementor-spacer-inner\"><\/div>\n\t\t<\/div>\n\t\t\t\t\t\t<\/div>\n\t\t\t\t<\/div>\n\t\t\t\t\t<\/div>\n\t\t<\/div>\n\t\t\t\t\t<\/div>\n\t\t<\/section>\n\t\t\t\t<section class=\"elementor-section elementor-top-section elementor-element elementor-element-83817be elementor-section-full_width elementor-section-height-default elementor-section-height-default sc_fly_static\" data-id=\"83817be\" data-element_type=\"section\">\n\t\t\t\t\t\t<div class=\"elementor-container elementor-column-gap-wide\">\n\t\t\t\t\t<div class=\"elementor-column elementor-col-100 elementor-top-column elementor-element elementor-element-5a543eb sc_content_align_inherit sc_layouts_column_icons_position_left sc_fly_static\" data-id=\"5a543eb\" data-element_type=\"column\">\n\t\t\t<div class=\"elementor-widget-wrap elementor-element-populated\">\n\t\t\t\t\t\t<div class=\"elementor-element elementor-element-a36980f sc_fly_static elementor-widget elementor-widget-trx_sc_googlemap\" data-id=\"a36980f\" data-element_type=\"widget\" data-widget_type=\"trx_sc_googlemap.default\">\n\t\t\t\t<div class=\"elementor-widget-container\">\n\t\t\t\t\t<div id=\"sc_googlemap_954268214_wrap\" class=\"sc_googlemap_wrap\"><div id=\"sc_googlemap_954268214\"\t\t\tclass=\"sc_item_content sc_map sc_googlemap sc_googlemap_default trx_addons_inline_2050293775\"\n\t\t\t \t\t\tdata-zoom=\"9\"\n\t\t\tdata-center=\"\"\n\t\t\tdata-style=\"greyscale\"\n\t\t\tdata-cluster-icon=\"\"\n\t\t\t><iframe\n\t\t\t\t\t\tsrc=\"https:\/\/maps.google.com\/maps?t=m&output=embed&iwloc=near&z=9&q=+Centre+BIT+07300+Inca%2C+Illes+Balears%2C+Espa%C3%B1a\"\n\t\t\t\t\t\taria-label=\"\"><\/iframe><\/div><\/div>\t\t\t\t<\/div>\n\t\t\t\t<\/div>\n\t\t\t\t\t<\/div>\n\t\t<\/div>\n\t\t\t\t\t<\/div>\n\t\t<\/section>\n\t\t\t\t<\/div>\n\t\t","protected":false},"excerpt":{"rendered":"<p>Dades de contacte Islas Baleares, Mallorcainfo@nemusarboricultura.com+34 622477902 Estoy de acuerdo en que mis datos enviados sean recopilados y almacenados..<\/p>\n","protected":false},"author":1,"featured_media":38356,"parent":0,"menu_order":0,"comment_status":"closed","ping_status":"closed","template":"","meta":{"_acf_changed":false,"footnotes":""},"class_list":["post-38365","page","type-page","status-publish","has-post-thumbnail","hentry"],"acf":[],"yoast_head":"<!-- This site is optimized with the Yoast SEO plugin v24.2 - https:\/\/yoast.com\/wordpress\/plugins\/seo\/ -->\n<title>Contacte | Nemus Arboricultura i formaci\u00f3 a Mallorca<\/title>\n<meta name=\"description\" content=\"Contacta amb Nemus Arboricultura: experts en poda, arboricultura i gesti\u00f3 sostenible a Mallorca. Som aqu\u00ed per resoldre els teus dubtes i ajudar-te.\" \/>\n<meta name=\"robots\" content=\"index, follow, max-snippet:-1, max-image-preview:large, max-video-preview:-1\" \/>\n<link rel=\"canonical\" href=\"https:\/\/nemusarboricultura.com\/ca\/contacte\/\" \/>\n<meta property=\"og:locale\" content=\"ca_ES\" \/>\n<meta property=\"og:type\" content=\"article\" \/>\n<meta property=\"og:title\" content=\"Contacte | Nemus Arboricultura i formaci\u00f3 a Mallorca\" \/>\n<meta property=\"og:description\" content=\"Contacta amb Nemus Arboricultura: experts en poda, arboricultura i gesti\u00f3 sostenible a Mallorca. Som aqu\u00ed per resoldre els teus dubtes i ajudar-te.\" \/>\n<meta property=\"og:url\" content=\"https:\/\/nemusarboricultura.com\/ca\/contacte\/\" \/>\n<meta property=\"og:site_name\" content=\"Nemus\" \/>\n<meta property=\"article:modified_time\" content=\"2025-04-04T10:37:58+00:00\" \/>\n<meta property=\"og:image\" content=\"https:\/\/nemusarboricultura.com\/wp-content\/uploads\/2020\/06\/etica-nemus-arboricultura.jpg\" \/>\n\t<meta property=\"og:image:width\" content=\"1920\" \/>\n\t<meta property=\"og:image:height\" content=\"1198\" \/>\n\t<meta property=\"og:image:type\" content=\"image\/jpeg\" \/>\n<meta name=\"twitter:card\" content=\"summary_large_image\" \/>\n<meta name=\"twitter:label1\" content=\"Temps estimat de lectura\" \/>\n\t<meta name=\"twitter:data1\" content=\"1 minut\" \/>\n<script type=\"application\/ld+json\" class=\"yoast-schema-graph\">{\"@context\":\"https:\/\/schema.org\",\"@graph\":[{\"@type\":\"WebPage\",\"@id\":\"https:\/\/nemusarboricultura.com\/ca\/contacte\/\",\"url\":\"https:\/\/nemusarboricultura.com\/ca\/contacte\/\",\"name\":\"Contacte | Nemus Arboricultura i formaci\u00f3 a Mallorca\",\"isPartOf\":{\"@id\":\"https:\/\/nemusarboricultura.com\/#website\"},\"primaryImageOfPage\":{\"@id\":\"https:\/\/nemusarboricultura.com\/ca\/contacte\/#primaryimage\"},\"image\":{\"@id\":\"https:\/\/nemusarboricultura.com\/ca\/contacte\/#primaryimage\"},\"thumbnailUrl\":\"https:\/\/nemusarboricultura.com\/wp-content\/uploads\/2020\/06\/etica-nemus-arboricultura.jpg\",\"datePublished\":\"2020-04-30T10:32:31+00:00\",\"dateModified\":\"2025-04-04T10:37:58+00:00\",\"description\":\"Contacta amb Nemus Arboricultura: experts en poda, arboricultura i gesti\u00f3 sostenible a Mallorca. Som aqu\u00ed per resoldre els teus dubtes i ajudar-te.\",\"breadcrumb\":{\"@id\":\"https:\/\/nemusarboricultura.com\/ca\/contacte\/#breadcrumb\"},\"inLanguage\":\"ca\",\"potentialAction\":[{\"@type\":\"ReadAction\",\"target\":[\"https:\/\/nemusarboricultura.com\/ca\/contacte\/\"]}]},{\"@type\":\"ImageObject\",\"inLanguage\":\"ca\",\"@id\":\"https:\/\/nemusarboricultura.com\/ca\/contacte\/#primaryimage\",\"url\":\"https:\/\/nemusarboricultura.com\/wp-content\/uploads\/2020\/06\/etica-nemus-arboricultura.jpg\",\"contentUrl\":\"https:\/\/nemusarboricultura.com\/wp-content\/uploads\/2020\/06\/etica-nemus-arboricultura.jpg\",\"width\":1920,\"height\":1198,\"caption\":\"\u00e9tica nemus arboricultura\"},{\"@type\":\"BreadcrumbList\",\"@id\":\"https:\/\/nemusarboricultura.com\/ca\/contacte\/#breadcrumb\",\"itemListElement\":[{\"@type\":\"ListItem\",\"position\":1,\"name\":\"Portada\",\"item\":\"https:\/\/nemusarboricultura.com\/ca\/\"},{\"@type\":\"ListItem\",\"position\":2,\"name\":\"Contacte\"}]},{\"@type\":\"WebSite\",\"@id\":\"https:\/\/nemusarboricultura.com\/#website\",\"url\":\"https:\/\/nemusarboricultura.com\/\",\"name\":\"Nemus Arboricultura y Formaci\u00f3n en Mallorca\",\"description\":\"Nemus Arboricultura: Gesti\u00f3n sostenible del arbolado con 20 a\u00f1os de experiencia. Cuidado del entorno y formaci\u00f3n de expertos en arboricultura.\",\"publisher\":{\"@id\":\"https:\/\/nemusarboricultura.com\/#organization\"},\"alternateName\":\"Nemus Arboricultura\",\"potentialAction\":[{\"@type\":\"SearchAction\",\"target\":{\"@type\":\"EntryPoint\",\"urlTemplate\":\"https:\/\/nemusarboricultura.com\/?s={search_term_string}\"},\"query-input\":{\"@type\":\"PropertyValueSpecification\",\"valueRequired\":true,\"valueName\":\"search_term_string\"}}],\"inLanguage\":\"ca\"},{\"@type\":\"Organization\",\"@id\":\"https:\/\/nemusarboricultura.com\/#organization\",\"name\":\"Nemus Arboricultura y Formaci\u00f3n en Mallorca\",\"alternateName\":\"Nemus Arboricultura\",\"url\":\"https:\/\/nemusarboricultura.com\/\",\"logo\":{\"@type\":\"ImageObject\",\"inLanguage\":\"ca\",\"@id\":\"https:\/\/nemusarboricultura.com\/#\/schema\/logo\/image\/\",\"url\":\"https:\/\/nemusarboricultura.com\/wp-content\/uploads\/2025\/01\/Logotipo-Vertical.png\",\"contentUrl\":\"https:\/\/nemusarboricultura.com\/wp-content\/uploads\/2025\/01\/Logotipo-Vertical.png\",\"width\":656,\"height\":745,\"caption\":\"Nemus Arboricultura y Formaci\u00f3n en Mallorca\"},\"image\":{\"@id\":\"https:\/\/nemusarboricultura.com\/#\/schema\/logo\/image\/\"}}]}<\/script>\n<!-- \/ Yoast SEO plugin. -->","yoast_head_json":{"title":"Contacte | Nemus Arboricultura i formaci\u00f3 a Mallorca","description":"Contacta amb Nemus Arboricultura: experts en poda, arboricultura i gesti\u00f3 sostenible a Mallorca. Som aqu\u00ed per resoldre els teus dubtes i ajudar-te.","robots":{"index":"index","follow":"follow","max-snippet":"max-snippet:-1","max-image-preview":"max-image-preview:large","max-video-preview":"max-video-preview:-1"},"canonical":"https:\/\/nemusarboricultura.com\/ca\/contacte\/","og_locale":"ca_ES","og_type":"article","og_title":"Contacte | Nemus Arboricultura i formaci\u00f3 a Mallorca","og_description":"Contacta amb Nemus Arboricultura: experts en poda, arboricultura i gesti\u00f3 sostenible a Mallorca. Som aqu\u00ed per resoldre els teus dubtes i ajudar-te.","og_url":"https:\/\/nemusarboricultura.com\/ca\/contacte\/","og_site_name":"Nemus","article_modified_time":"2025-04-04T10:37:58+00:00","og_image":[{"width":1920,"height":1198,"url":"https:\/\/nemusarboricultura.com\/wp-content\/uploads\/2020\/06\/etica-nemus-arboricultura.jpg","type":"image\/jpeg"}],"twitter_card":"summary_large_image","twitter_misc":{"Temps estimat de lectura":"1 minut"},"schema":{"@context":"https:\/\/schema.org","@graph":[{"@type":"WebPage","@id":"https:\/\/nemusarboricultura.com\/ca\/contacte\/","url":"https:\/\/nemusarboricultura.com\/ca\/contacte\/","name":"Contacte | Nemus Arboricultura i formaci\u00f3 a Mallorca","isPartOf":{"@id":"https:\/\/nemusarboricultura.com\/#website"},"primaryImageOfPage":{"@id":"https:\/\/nemusarboricultura.com\/ca\/contacte\/#primaryimage"},"image":{"@id":"https:\/\/nemusarboricultura.com\/ca\/contacte\/#primaryimage"},"thumbnailUrl":"https:\/\/nemusarboricultura.com\/wp-content\/uploads\/2020\/06\/etica-nemus-arboricultura.jpg","datePublished":"2020-04-30T10:32:31+00:00","dateModified":"2025-04-04T10:37:58+00:00","description":"Contacta amb Nemus Arboricultura: experts en poda, arboricultura i gesti\u00f3 sostenible a Mallorca. Som aqu\u00ed per resoldre els teus dubtes i ajudar-te.","breadcrumb":{"@id":"https:\/\/nemusarboricultura.com\/ca\/contacte\/#breadcrumb"},"inLanguage":"ca","potentialAction":[{"@type":"ReadAction","target":["https:\/\/nemusarboricultura.com\/ca\/contacte\/"]}]},{"@type":"ImageObject","inLanguage":"ca","@id":"https:\/\/nemusarboricultura.com\/ca\/contacte\/#primaryimage","url":"https:\/\/nemusarboricultura.com\/wp-content\/uploads\/2020\/06\/etica-nemus-arboricultura.jpg","contentUrl":"https:\/\/nemusarboricultura.com\/wp-content\/uploads\/2020\/06\/etica-nemus-arboricultura.jpg","width":1920,"height":1198,"caption":"\u00e9tica nemus arboricultura"},{"@type":"BreadcrumbList","@id":"https:\/\/nemusarboricultura.com\/ca\/contacte\/#breadcrumb","itemListElement":[{"@type":"ListItem","position":1,"name":"Portada","item":"https:\/\/nemusarboricultura.com\/ca\/"},{"@type":"ListItem","position":2,"name":"Contacte"}]},{"@type":"WebSite","@id":"https:\/\/nemusarboricultura.com\/#website","url":"https:\/\/nemusarboricultura.com\/","name":"Nemus Arboricultura y Formaci\u00f3n en Mallorca","description":"Nemus Arboricultura: Gesti\u00f3n sostenible del arbolado con 20 a\u00f1os de experiencia. Cuidado del entorno y formaci\u00f3n de expertos en arboricultura.","publisher":{"@id":"https:\/\/nemusarboricultura.com\/#organization"},"alternateName":"Nemus Arboricultura","potentialAction":[{"@type":"SearchAction","target":{"@type":"EntryPoint","urlTemplate":"https:\/\/nemusarboricultura.com\/?s={search_term_string}"},"query-input":{"@type":"PropertyValueSpecification","valueRequired":true,"valueName":"search_term_string"}}],"inLanguage":"ca"},{"@type":"Organization","@id":"https:\/\/nemusarboricultura.com\/#organization","name":"Nemus Arboricultura y Formaci\u00f3n en Mallorca","alternateName":"Nemus Arboricultura","url":"https:\/\/nemusarboricultura.com\/","logo":{"@type":"ImageObject","inLanguage":"ca","@id":"https:\/\/nemusarboricultura.com\/#\/schema\/logo\/image\/","url":"https:\/\/nemusarboricultura.com\/wp-content\/uploads\/2025\/01\/Logotipo-Vertical.png","contentUrl":"https:\/\/nemusarboricultura.com\/wp-content\/uploads\/2025\/01\/Logotipo-Vertical.png","width":656,"height":745,"caption":"Nemus Arboricultura y Formaci\u00f3n en Mallorca"},"image":{"@id":"https:\/\/nemusarboricultura.com\/#\/schema\/logo\/image\/"}}]}},"_links":{"self":[{"href":"https:\/\/nemusarboricultura.com\/ca\/wp-json\/wp\/v2\/pages\/38365","targetHints":{"allow":["GET"]}}],"collection":[{"href":"https:\/\/nemusarboricultura.com\/ca\/wp-json\/wp\/v2\/pages"}],"about":[{"href":"https:\/\/nemusarboricultura.com\/ca\/wp-json\/wp\/v2\/types\/page"}],"author":[{"embeddable":true,"href":"https:\/\/nemusarboricultura.com\/ca\/wp-json\/wp\/v2\/users\/1"}],"replies":[{"embeddable":true,"href":"https:\/\/nemusarboricultura.com\/ca\/wp-json\/wp\/v2\/comments?post=38365"}],"version-history":[{"count":23,"href":"https:\/\/nemusarboricultura.com\/ca\/wp-json\/wp\/v2\/pages\/38365\/revisions"}],"predecessor-version":[{"id":39375,"href":"https:\/\/nemusarboricultura.com\/ca\/wp-json\/wp\/v2\/pages\/38365\/revisions\/39375"}],"wp:featuredmedia":[{"embeddable":true,"href":"https:\/\/nemusarboricultura.com\/ca\/wp-json\/wp\/v2\/media\/38356"}],"wp:attachment":[{"href":"https:\/\/nemusarboricultura.com\/ca\/wp-json\/wp\/v2\/media?parent=38365"}],"curies":[{"name":"wp","href":"https:\/\/api.w.org\/{rel}","templated":true}]}}