{"id":38363,"date":"2023-10-31T15:34:06","date_gmt":"2023-10-31T15:34:06","guid":{"rendered":"https:\/\/nemusarboricultura.com\/aviso-legal\/"},"modified":"2023-10-31T15:34:06","modified_gmt":"2023-10-31T15:34:06","slug":"aviso-legal","status":"publish","type":"page","link":"https:\/\/nemusarboricultura.com\/ca\/aviso-legal\/","title":{"rendered":"Aviso Legal"},"content":{"rendered":"<h1\n\t\t\t>Aviso Legal<\/h1>\n<p>Con la finalidad de dar cumplimiento al art\u00edculo 10 de la Ley 34\/2002 de Servicios de la Sociedad de la Informaci\u00f3n y Comercio Electr\u00f3nico, informamos al usuario de nuestros datos:<\/p>\n<ul>\n<li><strong>Denominaci\u00f3n Social:<\/strong> Ricardo Santos Vilchez<\/li>\n<li><strong>Nombre Comercial:<\/strong> Nemus<\/li>\n<li><strong>Domicilio Social:<\/strong> Calle Fran\u00e7a, 37 Andratx Illes Balears 07159<\/li>\n<li><strong>NIF:<\/strong> 44782123L<\/li>\n<li><strong>Tel\u00e9fono:<\/strong> 647728213<\/li>\n<li><strong>e-Mail:<\/strong> <a rel=\"noopener\">ricardosvilches@gmail.com<\/a><\/li>\n<li><strong>P\u00e1gina Web:<\/strong> <a href=\"http:\/\/www.nemusarboricultura.com\" target=\"_new\" rel=\"noopener\">www.nemusarboricultura.com<\/a><\/li>\n<\/ul>\n<h3>Objeto<\/h3>\n<p>El prestador, responsable del sitio web, pone a disposici\u00f3n de los usuarios el presente documento con el que pretende dar cumplimiento a las obligaciones dispuestas en la Ley 34\/2002, de Servicios de la Sociedad de la Informaci\u00f3n y del Comercio Electr\u00f3nico (LSSI-CE), as\u00ed como informar a todos los usuarios del sitio web respecto a cu\u00e1les son las condiciones de uso del sitio web.<\/p>\n<p>Toda persona que acceda a este sitio web asume el papel de usuario, comprometi\u00e9ndose a la observancia y cumplimiento riguroso de las disposiciones aqu\u00ed dispuestas, as\u00ed como a cualquier otra disposici\u00f3n legal que fuera de aplicaci\u00f3n.<\/p>\n<p>El prestador se reserva el derecho a modificar cualquier tipo de informaci\u00f3n que pudiera aparecer en el sitio web, sin que exista obligaci\u00f3n de preavisar o poner en conocimiento de los usuarios dichas modificaciones, entendi\u00e9ndose como suficiente con la publicaci\u00f3n en el sitio web del prestador.<\/p>\n<h3>Responsabilidad<\/h3>\n<p>El prestador se exime de cualquier tipo de responsabilidad derivada de la informaci\u00f3n publicada en su sitio web, siempre que esta informaci\u00f3n haya sido manipulada o introducida por un tercero ajeno al mismo.<\/p>\n<p>El sitio web del prestador puede utilizar cookies para llevar a cabo determinadas funciones imprescindibles para el correcto funcionamiento y visualizaci\u00f3n del sitio. Las cookies utilizadas tienen car\u00e1cter temporal y desaparecen al terminar la sesi\u00f3n del usuario. En ning\u00fan caso se utilizar\u00e1n las cookies para recoger informaci\u00f3n de car\u00e1cter personal.<\/p>\n<p>Desde el sitio web del prestador es posible que se redirija a contenidos de terceros sitios web. Dado que el prestador no puede controlar siempre los contenidos introducidos por terceros, no asume responsabilidad alguna respecto a dichos contenidos. En todo caso, el prestador proceder\u00e1 a la retirada inmediata de cualquier contenido que pudiera contravenir la legislaci\u00f3n nacional o internacional, la moral o el orden p\u00fablico.<\/p>\n<p>El prestador no se hace responsable de la informaci\u00f3n y contenidos almacenados en foros, chats, generadores de blogs, comentarios, redes sociales o cualquier otro medio que permita a terceros publicar contenidos de forma independiente. No obstante, en cumplimiento de lo dispuesto en el art. 11 y 16 de la LSSI-CE, el prestador se pone a disposici\u00f3n de todos los usuarios y autoridades, colaborando activamente en la retirada o bloqueo de aquellos contenidos que contravengan la legislaci\u00f3n o afecten derechos de terceros.<\/p>\n<p>Este sitio web ha sido revisado y probado para garantizar su correcto funcionamiento. Sin embargo, el prestador no descarta la posibilidad de errores de programaci\u00f3n o causas de fuerza mayor que puedan impedir temporalmente el acceso a la p\u00e1gina.<\/p>\n<h3>Propiedad Intelectual e Industrial<\/h3>\n<p>El sitio web, incluyendo su programaci\u00f3n, edici\u00f3n, compilaci\u00f3n, dise\u00f1os, logotipos, textos y gr\u00e1ficos, es propiedad del prestador o cuenta con licencia o autorizaci\u00f3n expresa de los autores. Todos los contenidos est\u00e1n protegidos por la normativa de propiedad intelectual e industrial.<\/p>\n<p>Queda prohibida la reproducci\u00f3n total o parcial, uso, explotaci\u00f3n, distribuci\u00f3n y comercializaci\u00f3n de los contenidos del sitio web sin autorizaci\u00f3n previa y por escrito del prestador.<\/p>\n<h3>Veracidad de la Informaci\u00f3n y Menores de Edad<\/h3>\n<p>El usuario garantiza la autenticidad y veracidad de los datos facilitados a trav\u00e9s de los formularios del sitio web. Los menores de edad deben contar con el consentimiento previo de sus padres, tutores o representantes legales para el uso de los servicios del sitio web.<\/p>\n<h3>Obligaci\u00f3n de hacer un Uso Correcto de la Web<\/h3>\n<p>El usuario se compromete a utilizar la web conforme a la ley, el presente aviso legal, la moral y las buenas costumbres. Queda prohibido utilizar la web para finalidades il\u00edcitas o que puedan da\u00f1ar derechos de terceros.<\/p>\n<h3>Ley Aplicable y Jurisdicci\u00f3n<\/h3>\n<p>Para la resoluci\u00f3n de controversias relacionadas con este sitio web ser\u00e1 de aplicaci\u00f3n la legislaci\u00f3n espa\u00f1ola. Las partes se someten a los Juzgados y Tribunales de Andratx, Illes Balears.<\/p>\n","protected":false},"excerpt":{"rendered":"<p>Aviso Legal Con la finalidad de dar cumplimiento al art\u00edculo 10 de la Ley 34\/2002 de Servicios de la Sociedad de la Informaci\u00f3n y Comercio Electr\u00f3nico, informamos al usuario de&hellip;<\/p>\n","protected":false},"author":1,"featured_media":0,"parent":0,"menu_order":0,"comment_status":"closed","ping_status":"closed","template":"","meta":{"_acf_changed":false,"footnotes":""},"class_list":["post-38363","page","type-page","status-publish","hentry"],"acf":[],"yoast_head":"<!-- This site is optimized with the Yoast SEO plugin v24.2 - https:\/\/yoast.com\/wordpress\/plugins\/seo\/ -->\n<title>Aviso Legal | Nemus<\/title>\n<meta name=\"robots\" content=\"index, follow, max-snippet:-1, max-image-preview:large, max-video-preview:-1\" \/>\n<link rel=\"canonical\" href=\"https:\/\/nemusarboricultura.com\/ca\/aviso-legal\/\" \/>\n<meta property=\"og:locale\" content=\"ca_ES\" \/>\n<meta property=\"og:type\" content=\"article\" \/>\n<meta property=\"og:title\" content=\"Aviso Legal | Nemus\" \/>\n<meta property=\"og:description\" content=\"Aviso Legal Con la finalidad de dar cumplimiento al art\u00edculo 10 de la Ley 34\/2002 de Servicios de la Sociedad de la Informaci\u00f3n y Comercio Electr\u00f3nico, informamos al usuario de&hellip;\" \/>\n<meta property=\"og:url\" content=\"https:\/\/nemusarboricultura.com\/ca\/aviso-legal\/\" \/>\n<meta property=\"og:site_name\" content=\"Nemus\" \/>\n<meta name=\"twitter:card\" content=\"summary_large_image\" \/>\n<meta name=\"twitter:label1\" content=\"Temps estimat de lectura\" \/>\n\t<meta name=\"twitter:data1\" content=\"4 minuts\" \/>\n<script type=\"application\/ld+json\" class=\"yoast-schema-graph\">{\"@context\":\"https:\/\/schema.org\",\"@graph\":[{\"@type\":\"WebPage\",\"@id\":\"https:\/\/nemusarboricultura.com\/ca\/aviso-legal\/\",\"url\":\"https:\/\/nemusarboricultura.com\/ca\/aviso-legal\/\",\"name\":\"Aviso Legal | Nemus\",\"isPartOf\":{\"@id\":\"https:\/\/nemusarboricultura.com\/#website\"},\"datePublished\":\"2023-10-31T15:34:06+00:00\",\"dateModified\":\"2023-10-31T15:34:06+00:00\",\"breadcrumb\":{\"@id\":\"https:\/\/nemusarboricultura.com\/ca\/aviso-legal\/#breadcrumb\"},\"inLanguage\":\"ca\",\"potentialAction\":[{\"@type\":\"ReadAction\",\"target\":[\"https:\/\/nemusarboricultura.com\/ca\/aviso-legal\/\"]}]},{\"@type\":\"BreadcrumbList\",\"@id\":\"https:\/\/nemusarboricultura.com\/ca\/aviso-legal\/#breadcrumb\",\"itemListElement\":[{\"@type\":\"ListItem\",\"position\":1,\"name\":\"Portada\",\"item\":\"https:\/\/nemusarboricultura.com\/ca\/\"},{\"@type\":\"ListItem\",\"position\":2,\"name\":\"Aviso Legal\"}]},{\"@type\":\"WebSite\",\"@id\":\"https:\/\/nemusarboricultura.com\/#website\",\"url\":\"https:\/\/nemusarboricultura.com\/\",\"name\":\"Nemus Arboricultura y Formaci\u00f3n en Mallorca\",\"description\":\"Nemus Arboricultura: Gesti\u00f3n sostenible del arbolado con 20 a\u00f1os de experiencia. Cuidado del entorno y formaci\u00f3n de expertos en arboricultura.\",\"publisher\":{\"@id\":\"https:\/\/nemusarboricultura.com\/#organization\"},\"alternateName\":\"Nemus Arboricultura\",\"potentialAction\":[{\"@type\":\"SearchAction\",\"target\":{\"@type\":\"EntryPoint\",\"urlTemplate\":\"https:\/\/nemusarboricultura.com\/?s={search_term_string}\"},\"query-input\":{\"@type\":\"PropertyValueSpecification\",\"valueRequired\":true,\"valueName\":\"search_term_string\"}}],\"inLanguage\":\"ca\"},{\"@type\":\"Organization\",\"@id\":\"https:\/\/nemusarboricultura.com\/#organization\",\"name\":\"Nemus Arboricultura y Formaci\u00f3n en Mallorca\",\"alternateName\":\"Nemus Arboricultura\",\"url\":\"https:\/\/nemusarboricultura.com\/\",\"logo\":{\"@type\":\"ImageObject\",\"inLanguage\":\"ca\",\"@id\":\"https:\/\/nemusarboricultura.com\/#\/schema\/logo\/image\/\",\"url\":\"https:\/\/nemusarboricultura.com\/wp-content\/uploads\/2025\/01\/Logotipo-Vertical.png\",\"contentUrl\":\"https:\/\/nemusarboricultura.com\/wp-content\/uploads\/2025\/01\/Logotipo-Vertical.png\",\"width\":656,\"height\":745,\"caption\":\"Nemus Arboricultura y Formaci\u00f3n en Mallorca\"},\"image\":{\"@id\":\"https:\/\/nemusarboricultura.com\/#\/schema\/logo\/image\/\"}}]}<\/script>\n<!-- \/ Yoast SEO plugin. -->","yoast_head_json":{"title":"Aviso Legal | Nemus","robots":{"index":"index","follow":"follow","max-snippet":"max-snippet:-1","max-image-preview":"max-image-preview:large","max-video-preview":"max-video-preview:-1"},"canonical":"https:\/\/nemusarboricultura.com\/ca\/aviso-legal\/","og_locale":"ca_ES","og_type":"article","og_title":"Aviso Legal | Nemus","og_description":"Aviso Legal Con la finalidad de dar cumplimiento al art\u00edculo 10 de la Ley 34\/2002 de Servicios de la Sociedad de la Informaci\u00f3n y Comercio Electr\u00f3nico, informamos al usuario de&hellip;","og_url":"https:\/\/nemusarboricultura.com\/ca\/aviso-legal\/","og_site_name":"Nemus","twitter_card":"summary_large_image","twitter_misc":{"Temps estimat de lectura":"4 minuts"},"schema":{"@context":"https:\/\/schema.org","@graph":[{"@type":"WebPage","@id":"https:\/\/nemusarboricultura.com\/ca\/aviso-legal\/","url":"https:\/\/nemusarboricultura.com\/ca\/aviso-legal\/","name":"Aviso Legal | Nemus","isPartOf":{"@id":"https:\/\/nemusarboricultura.com\/#website"},"datePublished":"2023-10-31T15:34:06+00:00","dateModified":"2023-10-31T15:34:06+00:00","breadcrumb":{"@id":"https:\/\/nemusarboricultura.com\/ca\/aviso-legal\/#breadcrumb"},"inLanguage":"ca","potentialAction":[{"@type":"ReadAction","target":["https:\/\/nemusarboricultura.com\/ca\/aviso-legal\/"]}]},{"@type":"BreadcrumbList","@id":"https:\/\/nemusarboricultura.com\/ca\/aviso-legal\/#breadcrumb","itemListElement":[{"@type":"ListItem","position":1,"name":"Portada","item":"https:\/\/nemusarboricultura.com\/ca\/"},{"@type":"ListItem","position":2,"name":"Aviso Legal"}]},{"@type":"WebSite","@id":"https:\/\/nemusarboricultura.com\/#website","url":"https:\/\/nemusarboricultura.com\/","name":"Nemus Arboricultura y Formaci\u00f3n en Mallorca","description":"Nemus Arboricultura: Gesti\u00f3n sostenible del arbolado con 20 a\u00f1os de experiencia. Cuidado del entorno y formaci\u00f3n de expertos en arboricultura.","publisher":{"@id":"https:\/\/nemusarboricultura.com\/#organization"},"alternateName":"Nemus Arboricultura","potentialAction":[{"@type":"SearchAction","target":{"@type":"EntryPoint","urlTemplate":"https:\/\/nemusarboricultura.com\/?s={search_term_string}"},"query-input":{"@type":"PropertyValueSpecification","valueRequired":true,"valueName":"search_term_string"}}],"inLanguage":"ca"},{"@type":"Organization","@id":"https:\/\/nemusarboricultura.com\/#organization","name":"Nemus Arboricultura y Formaci\u00f3n en Mallorca","alternateName":"Nemus Arboricultura","url":"https:\/\/nemusarboricultura.com\/","logo":{"@type":"ImageObject","inLanguage":"ca","@id":"https:\/\/nemusarboricultura.com\/#\/schema\/logo\/image\/","url":"https:\/\/nemusarboricultura.com\/wp-content\/uploads\/2025\/01\/Logotipo-Vertical.png","contentUrl":"https:\/\/nemusarboricultura.com\/wp-content\/uploads\/2025\/01\/Logotipo-Vertical.png","width":656,"height":745,"caption":"Nemus Arboricultura y Formaci\u00f3n en Mallorca"},"image":{"@id":"https:\/\/nemusarboricultura.com\/#\/schema\/logo\/image\/"}}]}},"_links":{"self":[{"href":"https:\/\/nemusarboricultura.com\/ca\/wp-json\/wp\/v2\/pages\/38363","targetHints":{"allow":["GET"]}}],"collection":[{"href":"https:\/\/nemusarboricultura.com\/ca\/wp-json\/wp\/v2\/pages"}],"about":[{"href":"https:\/\/nemusarboricultura.com\/ca\/wp-json\/wp\/v2\/types\/page"}],"author":[{"embeddable":true,"href":"https:\/\/nemusarboricultura.com\/ca\/wp-json\/wp\/v2\/users\/1"}],"replies":[{"embeddable":true,"href":"https:\/\/nemusarboricultura.com\/ca\/wp-json\/wp\/v2\/comments?post=38363"}],"version-history":[{"count":0,"href":"https:\/\/nemusarboricultura.com\/ca\/wp-json\/wp\/v2\/pages\/38363\/revisions"}],"wp:attachment":[{"href":"https:\/\/nemusarboricultura.com\/ca\/wp-json\/wp\/v2\/media?parent=38363"}],"curies":[{"name":"wp","href":"https:\/\/api.w.org\/{rel}","templated":true}]}}